{"id":900,"date":"2024-12-17T00:47:51","date_gmt":"2024-12-17T00:47:51","guid":{"rendered":"https:\/\/synergia-bdc.com\/?page_id=900"},"modified":"2025-01-20T19:11:55","modified_gmt":"2025-01-20T19:11:55","slug":"asistencias-innovativas","status":"publish","type":"page","link":"https:\/\/synergia-bdc.com\/index.php\/asistencias-innovativas\/","title":{"rendered":"Asistencias Innovativas"},"content":{"rendered":"","protected":true},"excerpt":{"rendered":"","protected":true},"author":1,"featured_media":1176,"parent":0,"menu_order":0,"comment_status":"closed","ping_status":"closed","template":"","meta":{"site-sidebar-layout":"no-sidebar","site-content-layout":"","ast-site-content-layout":"full-width-container","site-content-style":"default","site-sidebar-style":"default","ast-global-header-display":"","ast-banner-title-visibility":"","ast-main-header-display":"","ast-hfb-above-header-display":"","ast-hfb-below-header-display":"","ast-hfb-mobile-header-display":"","site-post-title":"disabled","ast-breadcrumbs-content":"","ast-featured-img":"disabled","footer-sml-layout":"","theme-transparent-header-meta":"","adv-header-id-meta":"","stick-header-meta":"","header-above-stick-meta":"","header-main-stick-meta":"","header-below-stick-meta":"","astra-migrate-meta-layouts":"default","ast-page-background-enabled":"default","ast-page-background-meta":{"desktop":{"background-color":"var(--ast-global-color-4)","background-image":"","background-repeat":"repeat","background-position":"center center","background-size":"auto","background-attachment":"scroll","background-type":"","background-media":"","overlay-type":"","overlay-color":"","overlay-opacity":"","overlay-gradient":""},"tablet":{"background-color":"","background-image":"","background-repeat":"repeat","background-position":"center center","background-size":"auto","background-attachment":"scroll","background-type":"","background-media":"","overlay-type":"","overlay-color":"","overlay-opacity":"","overlay-gradient":""},"mobile":{"background-color":"","background-image":"","background-repeat":"repeat","background-position":"center center","background-size":"auto","background-attachment":"scroll","background-type":"","background-media":"","overlay-type":"","overlay-color":"","overlay-opacity":"","overlay-gradient":""}},"ast-content-background-meta":{"desktop":{"background-color":"var(--ast-global-color-5)","background-image":"","background-repeat":"repeat","background-position":"center center","background-size":"auto","background-attachment":"scroll","background-type":"","background-media":"","overlay-type":"","overlay-color":"","overlay-opacity":"","overlay-gradient":""},"tablet":{"background-color":"var(--ast-global-color-5)","background-image":"","background-repeat":"repeat","background-position":"center center","background-size":"auto","background-attachment":"scroll","background-type":"","background-media":"","overlay-type":"","overlay-color":"","overlay-opacity":"","overlay-gradient":""},"mobile":{"background-color":"var(--ast-global-color-5)","background-image":"","background-repeat":"repeat","background-position":"center center","background-size":"auto","background-attachment":"scroll","background-type":"","background-media":"","overlay-type":"","overlay-color":"","overlay-opacity":"","overlay-gradient":""}},"footnotes":""},"class_list":["post-900","page","type-page","status-publish","post-password-required","hentry"],"yoast_head":"<!-- This site is optimized with the Yoast SEO plugin v23.4 - https:\/\/yoast.com\/wordpress\/plugins\/seo\/ -->\n<title>Asistencias Innovativas | Synergia BDC | Soluciones Creativas<\/title>\n<meta name=\"description\" content=\"Explora las asistencias innovativas de Synergia BDC, dise\u00f1adas para impulsar la creatividad empresarial y resolver desaf\u00edos con soluciones \u00fanicas y efectivas.\" \/>\n<meta name=\"robots\" content=\"index, follow, max-snippet:-1, max-image-preview:large, max-video-preview:-1\" \/>\n<link rel=\"canonical\" href=\"https:\/\/synergia-bdc.com\/index.php\/asistencias-innovativas\/\" \/>\n<meta property=\"og:locale\" content=\"en_US\" \/>\n<meta property=\"og:type\" content=\"article\" \/>\n<meta property=\"og:title\" content=\"Asistencias Innovativas | Synergia BDC | Soluciones Creativas\" \/>\n<meta property=\"og:description\" content=\"Explora las asistencias innovativas de Synergia BDC, dise\u00f1adas para impulsar la creatividad empresarial y resolver desaf\u00edos con soluciones \u00fanicas y efectivas.\" \/>\n<meta property=\"og:url\" content=\"https:\/\/synergia-bdc.com\/index.php\/asistencias-innovativas\/\" \/>\n<meta property=\"og:site_name\" content=\"Synergia Business Development Center\" \/>\n<meta property=\"article:modified_time\" content=\"2025-01-20T19:11:55+00:00\" \/>\n<meta name=\"twitter:card\" content=\"summary_large_image\" \/>\n<meta name=\"twitter:label1\" content=\"Est. reading time\" \/>\n\t<meta name=\"twitter:data1\" content=\"6 minutes\" \/>\n<script type=\"application\/ld+json\" class=\"yoast-schema-graph\">{\"@context\":\"https:\/\/schema.org\",\"@graph\":[{\"@type\":\"WebPage\",\"@id\":\"https:\/\/synergia-bdc.com\/index.php\/asistencias-innovativas\/\",\"url\":\"https:\/\/synergia-bdc.com\/index.php\/asistencias-innovativas\/\",\"name\":\"Asistencias Innovativas | Synergia BDC | Soluciones Creativas\",\"isPartOf\":{\"@id\":\"https:\/\/synergia-bdc.com\/#website\"},\"datePublished\":\"2024-12-17T00:47:51+00:00\",\"dateModified\":\"2025-01-20T19:11:55+00:00\",\"breadcrumb\":{\"@id\":\"https:\/\/synergia-bdc.com\/index.php\/asistencias-innovativas\/#breadcrumb\"},\"inLanguage\":\"en-US\"},{\"@type\":\"WebSite\",\"@id\":\"https:\/\/synergia-bdc.com\/#website\",\"url\":\"https:\/\/synergia-bdc.com\/\",\"name\":\"Synergia Business Development Center\",\"description\":\"\",\"potentialAction\":[{\"@type\":\"SearchAction\",\"target\":{\"@type\":\"EntryPoint\",\"urlTemplate\":\"https:\/\/synergia-bdc.com\/?s={search_term_string}\"},\"query-input\":{\"@type\":\"PropertyValueSpecification\",\"valueRequired\":true,\"valueName\":\"search_term_string\"}}],\"inLanguage\":\"en-US\"}]}<\/script>\n<!-- \/ Yoast SEO plugin. -->","yoast_head_json":{"title":"Asistencias Innovativas | Synergia BDC | Soluciones Creativas","description":"Explora las asistencias innovativas de Synergia BDC, dise\u00f1adas para impulsar la creatividad empresarial y resolver desaf\u00edos con soluciones \u00fanicas y efectivas.","robots":{"index":"index","follow":"follow","max-snippet":"max-snippet:-1","max-image-preview":"max-image-preview:large","max-video-preview":"max-video-preview:-1"},"canonical":"https:\/\/synergia-bdc.com\/index.php\/asistencias-innovativas\/","og_locale":"en_US","og_type":"article","og_title":"Asistencias Innovativas | Synergia BDC | Soluciones Creativas","og_description":"Explora las asistencias innovativas de Synergia BDC, dise\u00f1adas para impulsar la creatividad empresarial y resolver desaf\u00edos con soluciones \u00fanicas y efectivas.","og_url":"https:\/\/synergia-bdc.com\/index.php\/asistencias-innovativas\/","og_site_name":"Synergia Business Development Center","article_modified_time":"2025-01-20T19:11:55+00:00","twitter_card":"summary_large_image","twitter_misc":{"Est. reading time":"6 minutes"},"schema":{"@context":"https:\/\/schema.org","@graph":[{"@type":"WebPage","@id":"https:\/\/synergia-bdc.com\/index.php\/asistencias-innovativas\/","url":"https:\/\/synergia-bdc.com\/index.php\/asistencias-innovativas\/","name":"Asistencias Innovativas | Synergia BDC | Soluciones Creativas","isPartOf":{"@id":"https:\/\/synergia-bdc.com\/#website"},"datePublished":"2024-12-17T00:47:51+00:00","dateModified":"2025-01-20T19:11:55+00:00","breadcrumb":{"@id":"https:\/\/synergia-bdc.com\/index.php\/asistencias-innovativas\/#breadcrumb"},"inLanguage":"en-US"},{"@type":"WebSite","@id":"https:\/\/synergia-bdc.com\/#website","url":"https:\/\/synergia-bdc.com\/","name":"Synergia Business Development Center","description":"","potentialAction":[{"@type":"SearchAction","target":{"@type":"EntryPoint","urlTemplate":"https:\/\/synergia-bdc.com\/?s={search_term_string}"},"query-input":{"@type":"PropertyValueSpecification","valueRequired":true,"valueName":"search_term_string"}}],"inLanguage":"en-US"}]}},"_links":{"self":[{"href":"https:\/\/synergia-bdc.com\/index.php\/wp-json\/wp\/v2\/pages\/900","targetHints":{"allow":["GET"]}}],"collection":[{"href":"https:\/\/synergia-bdc.com\/index.php\/wp-json\/wp\/v2\/pages"}],"about":[{"href":"https:\/\/synergia-bdc.com\/index.php\/wp-json\/wp\/v2\/types\/page"}],"author":[{"embeddable":true,"href":"https:\/\/synergia-bdc.com\/index.php\/wp-json\/wp\/v2\/users\/1"}],"replies":[{"embeddable":true,"href":"https:\/\/synergia-bdc.com\/index.php\/wp-json\/wp\/v2\/comments?post=900"}],"version-history":[{"count":14,"href":"https:\/\/synergia-bdc.com\/index.php\/wp-json\/wp\/v2\/pages\/900\/revisions"}],"predecessor-version":[{"id":1194,"href":"https:\/\/synergia-bdc.com\/index.php\/wp-json\/wp\/v2\/pages\/900\/revisions\/1194"}],"wp:featuredmedia":[{"embeddable":true,"href":"https:\/\/synergia-bdc.com\/index.php\/wp-json\/wp\/v2\/media\/1176"}],"wp:attachment":[{"href":"https:\/\/synergia-bdc.com\/index.php\/wp-json\/wp\/v2\/media?parent=900"}],"curies":[{"name":"wp","href":"https:\/\/api.w.org\/{rel}","templated":true}]}}